{"id":89,"date":"2024-01-25T17:04:02","date_gmt":"2024-01-25T16:04:02","guid":{"rendered":"https:\/\/www.smart-agent.eu\/?page_id=89"},"modified":"2024-07-05T09:45:36","modified_gmt":"2024-07-05T07:45:36","slug":"imprint","status":"publish","type":"page","link":"https:\/\/smart-agent.eu\/de\/imprint\/","title":{"rendered":"Impressum"},"content":{"rendered":"\n<h1 class=\"wp-block-heading\">Impressum<\/h1>\n\n\n\n<p>Smart Agent GmbH<br>Perhamerstra\u00dfe 37<br>80687 M\u00fcnchen<br>Deutschland<br>E-Mail: info@smart-agent.eu<\/p>\n\n\n\n<p>Gesch\u00e4ftsf\u00fchrer: Anselm Weier, Stefan Stadlberger<\/p>\n\n\n\n<p>Handelsregister: HRB 283567 &#8211; Amtsgericht M\u00fcnchen<br>Steuernummer: 143\/181\/14375<br>Umsatzsteuer ID: DE360871509<\/p>\n\n\n\n<p>Aufsichtsbeh\u00f6rde gem\u00e4\u00df \u00a7 34C GewO:<br>IHK f\u00fcr M\u00fcnchen und Oberbayern<br>Max-Joseph-Stra\u00dfe 2<br>80333 M\u00fcnchen<br>Tel: +49 89 51 160<br>Fax: +49  89 51 161 306<\/p>\n","protected":false},"excerpt":{"rendered":"<p>Impressum Smart Agent GmbHPerhamerstra\u00dfe 3780687 M\u00fcnchenDeutschlandE-Mail: info@smart-agent.eu Gesch\u00e4ftsf\u00fchrer: Anselm Weier, Stefan Stadlberger Handelsregister: HRB 283567 &#8211; Amtsgericht M\u00fcnchenSteuernummer: 143\/181\/14375Umsatzsteuer ID: DE360871509 Aufsichtsbeh\u00f6rde gem\u00e4\u00df \u00a7 34C GewO:IHK f\u00fcr M\u00fcnchen und OberbayernMax-Joseph-Stra\u00dfe 280333 M\u00fcnchenTel: +49 89 51 160Fax: +49 89 51 161 306<\/p>\n","protected":false},"author":2,"featured_media":0,"parent":0,"menu_order":0,"comment_status":"closed","ping_status":"closed","template":"plain-page","meta":{"footnotes":""},"class_list":["post-89","page","type-page","status-publish","hentry"],"_links":{"self":[{"href":"https:\/\/smart-agent.eu\/de\/wp-json\/wp\/v2\/pages\/89","targetHints":{"allow":["GET"]}}],"collection":[{"href":"https:\/\/smart-agent.eu\/de\/wp-json\/wp\/v2\/pages"}],"about":[{"href":"https:\/\/smart-agent.eu\/de\/wp-json\/wp\/v2\/types\/page"}],"author":[{"embeddable":true,"href":"https:\/\/smart-agent.eu\/de\/wp-json\/wp\/v2\/users\/2"}],"replies":[{"embeddable":true,"href":"https:\/\/smart-agent.eu\/de\/wp-json\/wp\/v2\/comments?post=89"}],"version-history":[{"count":7,"href":"https:\/\/smart-agent.eu\/de\/wp-json\/wp\/v2\/pages\/89\/revisions"}],"predecessor-version":[{"id":182,"href":"https:\/\/smart-agent.eu\/de\/wp-json\/wp\/v2\/pages\/89\/revisions\/182"}],"wp:attachment":[{"href":"https:\/\/smart-agent.eu\/de\/wp-json\/wp\/v2\/media?parent=89"}],"curies":[{"name":"wp","href":"https:\/\/api.w.org\/{rel}","templated":true}]}}